{"id":15907,"date":"2014-10-11T14:58:50","date_gmt":"2014-10-11T12:58:50","guid":{"rendered":"https:\/\/www.orangohotel.com\/pt-pt\/?page_id=15907"},"modified":"2018-10-26T18:22:01","modified_gmt":"2018-10-26T16:22:01","slug":"os-nossos-valores","status":"publish","type":"page","link":"https:\/\/www.orangohotel.com\/pt-pt\/os-nossos-valores\/","title":{"rendered":"OS NOSSOS VALORES"},"content":{"rendered":"<div class=\"fusion-fullwidth fullwidth-box fusion-builder-row-1 nonhundred-percent-fullwidth non-hundred-percent-height-scrolling\" style=\"--awb-background-position:left top;--awb-border-radius-top-left:0px;--awb-border-radius-top-right:0px;--awb-border-radius-bottom-right:0px;--awb-border-radius-bottom-left:0px;--awb-padding-top:80px;--awb-padding-bottom:60px;--awb-border-sizes-top:0px;--awb-border-sizes-bottom:0px;--awb-flex-wrap:wrap;\" ><div class=\"fusion-builder-row fusion-row\"><div class=\"fusion-layout-column fusion_builder_column fusion-builder-column-0 fusion_builder_column_1_1 1_1 fusion-one-full fusion-column-first fusion-column-last fusion-column-no-min-height\" style=\"--awb-bg-size:cover;--awb-margin-bottom:0px;\"><div class=\"fusion-column-wrapper fusion-flex-column-wrapper-legacy\"><div class=\"fusion-image-element fusion-image-align-center in-legacy-container\" style=\"text-align:center;--awb-caption-title-font-family:var(--h2_typography-font-family);--awb-caption-title-font-weight:var(--h2_typography-font-weight);--awb-caption-title-font-style:var(--h2_typography-font-style);--awb-caption-title-size:var(--h2_typography-font-size);--awb-caption-title-transform:var(--h2_typography-text-transform);--awb-caption-title-line-height:var(--h2_typography-line-height);--awb-caption-title-letter-spacing:var(--h2_typography-letter-spacing);\"><div class=\"imageframe-align-center\"><span class=\" fusion-imageframe imageframe-none imageframe-1 hover-type-none\"><img decoding=\"async\" width=\"60\" height=\"50\" title=\"adinkras2\" src=\"https:\/\/www.orangohotel.com\/wp-content\/uploads\/2015\/06\/adinkras2.png\" alt class=\"img-responsive wp-image-17005\"\/><\/span><\/div><\/div><div class=\"fusion-clearfix\"><\/div><\/div><\/div><div class=\"fusion-layout-column fusion_builder_column fusion-builder-column-1 fusion_builder_column_1_1 1_1 fusion-one-full fusion-column-first fusion-column-last fusion-column-no-min-height\" style=\"--awb-bg-size:cover;--awb-margin-bottom:0px;\"><div class=\"fusion-column-wrapper fusion-flex-column-wrapper-legacy\"><div class=\"fusion-title title fusion-title-1 fusion-title-text fusion-title-size-one\" style=\"--awb-margin-top-small:10px;--awb-margin-right-small:0px;--awb-margin-bottom-small:10px;--awb-margin-left-small:0px;\"><h1 class=\"fusion-title-heading title-heading-left fusion-responsive-typography-calculated\" style=\"margin:0;--fontSize:39;line-height:1.13;\">Os nossos valores<\/h1><span class=\"awb-title-spacer\"><\/span><div class=\"title-sep-container\"><div class=\"title-sep sep-single sep-solid\" style=\"border-color:#e0dede;\"><\/div><\/div><\/div><div class=\"fusion-clearfix\"><\/div><\/div><\/div><div class=\"fusion-layout-column fusion_builder_column fusion-builder-column-2 fusion_builder_column_2_3 2_3 fusion-two-third fusion-column-first\" style=\"--awb-bg-size:cover;width:65.3333%; margin-right: 4%;\"><div class=\"fusion-column-wrapper fusion-flex-column-wrapper-legacy\"><div class=\"fusion-tabs fusion-tabs-1 classic nav-is-justified horizontal-tabs icon-position-left mobile-mode-accordion\" style=\"--awb-title-border-radius-top-left:0px;--awb-title-border-radius-top-right:0px;--awb-title-border-radius-bottom-right:0px;--awb-title-border-radius-bottom-left:0px;--awb-inactive-color:#ebeaea;--awb-background-color:#ffffff;--awb-border-color:#ebeaea;--awb-active-border-color:#336e6a;\"><div class=\"nav\"><ul class=\"nav-tabs nav-justified\" role=\"tablist\" aria-orientation=\"horizontal\"><li class=\"active\" role=\"presentation\"><a class=\"tab-link\" data-toggle=\"tab\" role=\"tab\" aria-controls=\"tab-7b45828c770b2f2600a\" aria-selected=\"true\" tabindex=\"0\" id=\"fusion-tab-7b45828c770b2f2600a\" href=\"#tab-7b45828c770b2f2600a\"><h4 class=\"fusion-tab-heading\"><i class=\"fontawesome-icon fa fa-retweet\" aria-hidden=\"true\" style=\"font-size:13px;\"><\/i>Nuestros valores<\/h4><\/a><\/li><li  role=\"presentation\"><a class=\"tab-link\" data-toggle=\"tab\" role=\"tab\" aria-controls=\"tab-fb82ef8d9f81bfed9d7\" aria-selected=\"false\" tabindex=\"-1\" id=\"fusion-tab-fb82ef8d9f81bfed9d7\" href=\"#tab-fb82ef8d9f81bfed9d7\"><h4 class=\"fusion-tab-heading\"><i class=\"fontawesome-icon fa fa-share\" aria-hidden=\"true\" style=\"font-size:13px;\"><\/i>Como cheg\u00e1mos aqui<\/h4><\/a><\/li><\/ul><\/div><div class=\"tab-content\"><div class=\"nav fusion-mobile-tab-nav\"><ul class=\"nav-tabs nav-justified\" role=\"tablist\" aria-orientation=\"horizontal\"><li class=\"active\" role=\"presentation\"><a class=\"tab-link\" data-toggle=\"tab\" role=\"tab\" aria-controls=\"tab-7b45828c770b2f2600a\" aria-selected=\"true\" tabindex=\"0\" id=\"mobile-fusion-tab-7b45828c770b2f2600a\" href=\"#tab-7b45828c770b2f2600a\"><h4 class=\"fusion-tab-heading\"><i class=\"fontawesome-icon fa fa-retweet\" aria-hidden=\"true\" style=\"font-size:13px;\"><\/i>Nuestros valores<\/h4><\/a><\/li><\/ul><\/div><div class=\"tab-pane fade fusion-clearfix in active\" role=\"tabpanel\" tabindex=\"0\" aria-labelledby=\"fusion-tab-7b45828c770b2f2600a\" id=\"tab-7b45828c770b2f2600a\">O Orango Parque Hotel \u00e9 muito mais que um estabelecimento tur\u00edstico. O hotel \u00e9 gerido pela Associa\u00e7\u00e3o Guin\u00e9 Bissau Orango, uma entidade espanhola sem fins lucrativos que participa num projeto de desenvolvimento do ecoturismo nos Parques Nacionais da Guin\u00e9 Bissau.<\/p>\n<p>Este hotel reverte os seus lucros em microprojetos de coopera\u00e7\u00e3o para o desenvolvimento que beneficiam diretamente a popula\u00e7\u00e3o local do Parque Nacional de Orango. Estes projetos s\u00e3o escolhidos por iniciativa dos pr\u00f3prios benefici\u00e1rios. T\u00eam incidido especialmente em quest\u00f5es de sa\u00fade e educa\u00e7\u00e3o. No que diz respeito \u00e0 sa\u00fade, reabilitando enfermarias e unidades de atendimento prim\u00e1rio de sa\u00fade e construindo po\u00e7os de \u00e1gua pot\u00e1vel. Relativamente \u00e0 educa\u00e7\u00e3o p\u00fablica, construindo creches e reabilitando escolas com o objetivo de ampliar as expetativas de futuro e as possibilidades laborais da popula\u00e7\u00e3o local.<\/p>\n<p>Por\u00e9m, o hotel tem outro impacto positivo ainda mais destac\u00e1vel no seu ambiente, que \u00e9 a cria\u00e7\u00e3o de numerosos postos de trabalho, dando uma enorme contribui\u00e7\u00e3o para o desenvolvimento local e valorizando os recursos naturais, salientando que \u00e9 mais \u00fatil a sua conserva\u00e7\u00e3o que uma explora\u00e7\u00e3o insustent\u00e1vel. Como valor acrescentado, formam-se regularmente os trabalhadores para que se transformem em profissionais qualificados da incipiente ind\u00fastria ecotur\u00edstica na Guin\u00e9 Bissau.<\/p>\n<h1>Um projeto de turismo respons\u00e1vel e sustent\u00e1vel que torna o turismo compat\u00edvel com a conserva\u00e7\u00e3o da biodiversidade.<\/h1>\n<p>Um projeto de verdadeiro ecoturismo que mostra aos turistas a realidade da cultura local, com conhecimento e respeito.<\/div><div class=\"nav fusion-mobile-tab-nav\"><ul class=\"nav-tabs nav-justified\" role=\"tablist\" aria-orientation=\"horizontal\"><li  role=\"presentation\"><a class=\"tab-link\" data-toggle=\"tab\" role=\"tab\" aria-controls=\"tab-fb82ef8d9f81bfed9d7\" aria-selected=\"false\" tabindex=\"-1\" id=\"mobile-fusion-tab-fb82ef8d9f81bfed9d7\" href=\"#tab-fb82ef8d9f81bfed9d7\"><h4 class=\"fusion-tab-heading\"><i class=\"fontawesome-icon fa fa-share\" aria-hidden=\"true\" style=\"font-size:13px;\"><\/i>Como cheg\u00e1mos aqui<\/h4><\/a><\/li><\/ul><\/div><div class=\"tab-pane fade fusion-clearfix\" role=\"tabpanel\" tabindex=\"0\" aria-labelledby=\"fusion-tab-fb82ef8d9f81bfed9d7\" id=\"tab-fb82ef8d9f81bfed9d7\">No ano 2005 come\u00e7am os trabalhos do Orango Parque Hotel pela referida entidade espanhola.<\/p>\n<p>Desde ent\u00e3o o projeto est\u00e1 em constante evolu\u00e7\u00e3o, e todos estamos a aprender continuamente como implementar uma proposta cada vez mais comprometida com o turismo respons\u00e1vel e sustent\u00e1vel, que permite tornar acess\u00edvel um destino dotado de caracter\u00edsticas paisag\u00edsticas e ecol\u00f3gicas que o tornam \u00fanico, acompanhadas de uma cultura local aut\u00eantica, de pessoas de car\u00e1ter af\u00e1vel e hospitaleiras e de uma natureza transbordante como pano de fundo.<\/p>\n<p>O hotel est\u00e1 a dar a conhecer o enorme potencial ecotur\u00edstico da Guin\u00e9 Bissau ao resto do mundo, investigando continuamente sobre os valores culturais, hist\u00f3ricos e naturais da regi\u00e3o e, com base neles, elaborando novos produtos tur\u00edsticos. E, claro, ouvindo a popula\u00e7\u00e3o do Parque Nacional de Orango sobre as suas necessidades, para que nos ajudem a conseguir que a atividade tur\u00edstica repercuta numa melhoria real e sustent\u00e1vel da qualidade de vida da popula\u00e7\u00e3o local. <\/p>\n<p>H\u00e1 muito trabalho feito e muito por fazer num cen\u00e1rio de inquestion\u00e1vel beleza, que nos faz sentir aben\u00e7oados por trabalhar num lugar t\u00e3o aut\u00eantico como o Parque Nacional de Orango.<\/div><\/div><\/div><div class=\"fusion-clearfix\"><\/div><\/div><\/div><div class=\"fusion-layout-column fusion_builder_column fusion-builder-column-3 fusion_builder_column_1_3 1_3 fusion-one-third fusion-column-last\" style=\"--awb-bg-size:cover;width:30.6666%;\"><div class=\"fusion-column-wrapper fusion-flex-column-wrapper-legacy\"><div class=\"fusion-image-element in-legacy-container\" style=\"--awb-caption-title-font-family:var(--h2_typography-font-family);--awb-caption-title-font-weight:var(--h2_typography-font-weight);--awb-caption-title-font-style:var(--h2_typography-font-style);--awb-caption-title-size:var(--h2_typography-font-size);--awb-caption-title-transform:var(--h2_typography-text-transform);--awb-caption-title-line-height:var(--h2_typography-line-height);--awb-caption-title-letter-spacing:var(--h2_typography-letter-spacing);\"><span class=\" fusion-imageframe imageframe-none imageframe-2 hover-type-none\"><img decoding=\"async\" width=\"338\" height=\"525\" title=\"nuestros-valores\" src=\"https:\/\/www.orangohotel.com\/wp-content\/uploads\/2014\/10\/nuestros-valores.jpg\" alt class=\"img-responsive wp-image-13903\" srcset=\"https:\/\/www.orangohotel.com\/wp-content\/uploads\/2014\/10\/nuestros-valores-193x300.jpg 193w, https:\/\/www.orangohotel.com\/wp-content\/uploads\/2014\/10\/nuestros-valores.jpg 338w\" sizes=\"(max-width: 338px) 100vw, 338px\" \/><\/span><\/div><div class=\"fusion-clearfix\"><\/div><\/div><\/div><\/div><\/div>\n","protected":false},"excerpt":{"rendered":"","protected":false},"author":1,"featured_media":0,"parent":0,"menu_order":0,"comment_status":"open","ping_status":"closed","template":"100-width.php","meta":{"footnotes":""},"class_list":["post-15907","page","type-page","status-publish","hentry"],"yoast_head":"<!-- This site is optimized with the Yoast SEO plugin v27.5 - https:\/\/yoast.com\/product\/yoast-seo-wordpress\/ -->\n<title>OS NOSSOS VALORES - Hotel Orango na Guin\u00e9 Bissau<\/title>\n<meta name=\"robots\" content=\"index, follow, max-snippet:-1, max-image-preview:large, max-video-preview:-1\" \/>\n<link rel=\"canonical\" href=\"https:\/\/www.orangohotel.com\/pt-pt\/os-nossos-valores\/\" \/>\n<meta property=\"og:locale\" content=\"pt_PT\" \/>\n<meta property=\"og:type\" content=\"article\" \/>\n<meta property=\"og:title\" content=\"OS NOSSOS VALORES - Hotel Orango na Guin\u00e9 Bissau\" \/>\n<meta property=\"og:url\" content=\"https:\/\/www.orangohotel.com\/pt-pt\/os-nossos-valores\/\" \/>\n<meta property=\"og:site_name\" content=\"Hotel Orango na Guin\u00e9 Bissau\" \/>\n<meta property=\"article:modified_time\" content=\"2018-10-26T16:22:01+00:00\" \/>\n<meta property=\"og:image\" content=\"https:\/\/www.orangohotel.com\/wp-content\/uploads\/2015\/06\/adinkras2.png\" \/>\n<meta name=\"twitter:card\" content=\"summary_large_image\" \/>\n<meta name=\"twitter:label1\" content=\"Tempo estimado de leitura\" \/>\n\t<meta name=\"twitter:data1\" content=\"4 minutos\" \/>\n<script type=\"application\/ld+json\" class=\"yoast-schema-graph\">{\"@context\":\"https:\\\/\\\/schema.org\",\"@graph\":[{\"@type\":\"WebPage\",\"@id\":\"https:\\\/\\\/www.orangohotel.com\\\/pt-pt\\\/os-nossos-valores\\\/\",\"url\":\"https:\\\/\\\/www.orangohotel.com\\\/pt-pt\\\/os-nossos-valores\\\/\",\"name\":\"OS NOSSOS VALORES - Hotel Orango na Guin\u00e9 Bissau\",\"isPartOf\":{\"@id\":\"https:\\\/\\\/www.orangohotel.com\\\/#website\"},\"primaryImageOfPage\":{\"@id\":\"https:\\\/\\\/www.orangohotel.com\\\/pt-pt\\\/os-nossos-valores\\\/#primaryimage\"},\"image\":{\"@id\":\"https:\\\/\\\/www.orangohotel.com\\\/pt-pt\\\/os-nossos-valores\\\/#primaryimage\"},\"thumbnailUrl\":\"https:\\\/\\\/www.orangohotel.com\\\/wp-content\\\/uploads\\\/2015\\\/06\\\/adinkras2.png\",\"datePublished\":\"2014-10-11T12:58:50+00:00\",\"dateModified\":\"2018-10-26T16:22:01+00:00\",\"breadcrumb\":{\"@id\":\"https:\\\/\\\/www.orangohotel.com\\\/pt-pt\\\/os-nossos-valores\\\/#breadcrumb\"},\"inLanguage\":\"pt-PT\",\"potentialAction\":[{\"@type\":\"ReadAction\",\"target\":[\"https:\\\/\\\/www.orangohotel.com\\\/pt-pt\\\/os-nossos-valores\\\/\"]}]},{\"@type\":\"ImageObject\",\"inLanguage\":\"pt-PT\",\"@id\":\"https:\\\/\\\/www.orangohotel.com\\\/pt-pt\\\/os-nossos-valores\\\/#primaryimage\",\"url\":\"https:\\\/\\\/www.orangohotel.com\\\/wp-content\\\/uploads\\\/2015\\\/06\\\/adinkras2.png\",\"contentUrl\":\"https:\\\/\\\/www.orangohotel.com\\\/wp-content\\\/uploads\\\/2015\\\/06\\\/adinkras2.png\"},{\"@type\":\"BreadcrumbList\",\"@id\":\"https:\\\/\\\/www.orangohotel.com\\\/pt-pt\\\/os-nossos-valores\\\/#breadcrumb\",\"itemListElement\":[{\"@type\":\"ListItem\",\"position\":1,\"name\":\"Portada\",\"item\":\"https:\\\/\\\/www.orangohotel.com\\\/pt-pt\\\/\"},{\"@type\":\"ListItem\",\"position\":2,\"name\":\"OS NOSSOS VALORES\"}]},{\"@type\":\"WebSite\",\"@id\":\"https:\\\/\\\/www.orangohotel.com\\\/#website\",\"url\":\"https:\\\/\\\/www.orangohotel.com\\\/\",\"name\":\"Hotel Orango na Guin\u00e9 Bissau\",\"description\":\"Parque nacional de las Islas Orango\",\"potentialAction\":[{\"@type\":\"SearchAction\",\"target\":{\"@type\":\"EntryPoint\",\"urlTemplate\":\"https:\\\/\\\/www.orangohotel.com\\\/?s={search_term_string}\"},\"query-input\":{\"@type\":\"PropertyValueSpecification\",\"valueRequired\":true,\"valueName\":\"search_term_string\"}}],\"inLanguage\":\"pt-PT\"}]}<\/script>\n<!-- \/ Yoast SEO plugin. -->","yoast_head_json":{"title":"OS NOSSOS VALORES - Hotel Orango na Guin\u00e9 Bissau","robots":{"index":"index","follow":"follow","max-snippet":"max-snippet:-1","max-image-preview":"max-image-preview:large","max-video-preview":"max-video-preview:-1"},"canonical":"https:\/\/www.orangohotel.com\/pt-pt\/os-nossos-valores\/","og_locale":"pt_PT","og_type":"article","og_title":"OS NOSSOS VALORES - Hotel Orango na Guin\u00e9 Bissau","og_url":"https:\/\/www.orangohotel.com\/pt-pt\/os-nossos-valores\/","og_site_name":"Hotel Orango na Guin\u00e9 Bissau","article_modified_time":"2018-10-26T16:22:01+00:00","og_image":[{"url":"https:\/\/www.orangohotel.com\/wp-content\/uploads\/2015\/06\/adinkras2.png","type":"","width":"","height":""}],"twitter_card":"summary_large_image","twitter_misc":{"Tempo estimado de leitura":"4 minutos"},"schema":{"@context":"https:\/\/schema.org","@graph":[{"@type":"WebPage","@id":"https:\/\/www.orangohotel.com\/pt-pt\/os-nossos-valores\/","url":"https:\/\/www.orangohotel.com\/pt-pt\/os-nossos-valores\/","name":"OS NOSSOS VALORES - Hotel Orango na Guin\u00e9 Bissau","isPartOf":{"@id":"https:\/\/www.orangohotel.com\/#website"},"primaryImageOfPage":{"@id":"https:\/\/www.orangohotel.com\/pt-pt\/os-nossos-valores\/#primaryimage"},"image":{"@id":"https:\/\/www.orangohotel.com\/pt-pt\/os-nossos-valores\/#primaryimage"},"thumbnailUrl":"https:\/\/www.orangohotel.com\/wp-content\/uploads\/2015\/06\/adinkras2.png","datePublished":"2014-10-11T12:58:50+00:00","dateModified":"2018-10-26T16:22:01+00:00","breadcrumb":{"@id":"https:\/\/www.orangohotel.com\/pt-pt\/os-nossos-valores\/#breadcrumb"},"inLanguage":"pt-PT","potentialAction":[{"@type":"ReadAction","target":["https:\/\/www.orangohotel.com\/pt-pt\/os-nossos-valores\/"]}]},{"@type":"ImageObject","inLanguage":"pt-PT","@id":"https:\/\/www.orangohotel.com\/pt-pt\/os-nossos-valores\/#primaryimage","url":"https:\/\/www.orangohotel.com\/wp-content\/uploads\/2015\/06\/adinkras2.png","contentUrl":"https:\/\/www.orangohotel.com\/wp-content\/uploads\/2015\/06\/adinkras2.png"},{"@type":"BreadcrumbList","@id":"https:\/\/www.orangohotel.com\/pt-pt\/os-nossos-valores\/#breadcrumb","itemListElement":[{"@type":"ListItem","position":1,"name":"Portada","item":"https:\/\/www.orangohotel.com\/pt-pt\/"},{"@type":"ListItem","position":2,"name":"OS NOSSOS VALORES"}]},{"@type":"WebSite","@id":"https:\/\/www.orangohotel.com\/#website","url":"https:\/\/www.orangohotel.com\/","name":"Hotel Orango na Guin\u00e9 Bissau","description":"Parque nacional de las Islas Orango","potentialAction":[{"@type":"SearchAction","target":{"@type":"EntryPoint","urlTemplate":"https:\/\/www.orangohotel.com\/?s={search_term_string}"},"query-input":{"@type":"PropertyValueSpecification","valueRequired":true,"valueName":"search_term_string"}}],"inLanguage":"pt-PT"}]}},"jetpack_sharing_enabled":true,"_links":{"self":[{"href":"https:\/\/www.orangohotel.com\/pt-pt\/wp-json\/wp\/v2\/pages\/15907","targetHints":{"allow":["GET"]}}],"collection":[{"href":"https:\/\/www.orangohotel.com\/pt-pt\/wp-json\/wp\/v2\/pages"}],"about":[{"href":"https:\/\/www.orangohotel.com\/pt-pt\/wp-json\/wp\/v2\/types\/page"}],"author":[{"embeddable":true,"href":"https:\/\/www.orangohotel.com\/pt-pt\/wp-json\/wp\/v2\/users\/1"}],"replies":[{"embeddable":true,"href":"https:\/\/www.orangohotel.com\/pt-pt\/wp-json\/wp\/v2\/comments?post=15907"}],"version-history":[{"count":0,"href":"https:\/\/www.orangohotel.com\/pt-pt\/wp-json\/wp\/v2\/pages\/15907\/revisions"}],"wp:attachment":[{"href":"https:\/\/www.orangohotel.com\/pt-pt\/wp-json\/wp\/v2\/media?parent=15907"}],"curies":[{"name":"wp","href":"https:\/\/api.w.org\/{rel}","templated":true}]}}